{"id":37993,"date":"2026-03-31T17:52:36","date_gmt":"2026-03-31T16:52:36","guid":{"rendered":"https:\/\/noramedicale.shop\/?post_type=product&#038;p=37993"},"modified":"2026-04-02T16:38:53","modified_gmt":"2026-04-02T15:38:53","slug":"sabot-medical-en-daim-rbrk","status":"publish","type":"product","link":"https:\/\/noramedicale.shop\/ar\/product\/sabot-medical-en-daim-rbrk\/","title":{"rendered":"sabot m\u00e9dical en daim RBRK"},"content":{"rendered":"<p>Ce sabot confortable et \u00e9l\u00e9gant est con\u00e7u pour offrir un bien-\u00eatre optimal au quotidien. Son design ferm\u00e9 \u00e0 l\u2019avant assure une bonne protection du pied, tandis que sa couleur bordeaux apporte une touche moderne et raffin\u00e9e, facile \u00e0 assortir. Caract\u00e9ristiques<br \/>\n<strong>Type<\/strong> : Sabot ferm\u00e9<br \/>\n<strong>Boucle<\/strong> : R\u00e9glable pour un ajustement parfait<br \/>\n<strong>Semelle int\u00e9rieure<\/strong> : Anatomique en li\u00e8ge<br \/>\n<strong>Semelle ext\u00e9rieure<\/strong> : Antid\u00e9rapante<br \/>\n<strong>Confort<\/strong> : Adapt\u00e9 \u00e0 un usage prolong\u00e9<br \/>\n<strong>Utilisation<\/strong> : Quotidienne \/ Maison \/ Travail<\/p>","protected":false},"excerpt":{"rendered":"<p>sabot confort en daim, au d\u00e9signe \u00e9l\u00e9gant avec boucle r\u00e9glable<\/p>","protected":false},"featured_media":38033,"comment_status":"open","ping_status":"closed","template":"","meta":[],"product_brand":[],"product_cat":[129,133],"product_tag":[],"class_list":{"0":"post-37993","1":"product","2":"type-product","3":"status-publish","4":"has-post-thumbnail","6":"product_cat-femmes","7":"product_cat-sabots-femmes","9":"first","10":"instock","11":"shipping-taxable","12":"purchasable","13":"product-type-variable"},"_links":{"self":[{"href":"https:\/\/noramedicale.shop\/ar\/wp-json\/wp\/v2\/product\/37993","targetHints":{"allow":["GET"]}}],"collection":[{"href":"https:\/\/noramedicale.shop\/ar\/wp-json\/wp\/v2\/product"}],"about":[{"href":"https:\/\/noramedicale.shop\/ar\/wp-json\/wp\/v2\/types\/product"}],"replies":[{"embeddable":true,"href":"https:\/\/noramedicale.shop\/ar\/wp-json\/wp\/v2\/comments?post=37993"}],"version-history":[{"count":1,"href":"https:\/\/noramedicale.shop\/ar\/wp-json\/wp\/v2\/product\/37993\/revisions"}],"predecessor-version":[{"id":38028,"href":"https:\/\/noramedicale.shop\/ar\/wp-json\/wp\/v2\/product\/37993\/revisions\/38028"}],"wp:featuredmedia":[{"embeddable":true,"href":"https:\/\/noramedicale.shop\/ar\/wp-json\/wp\/v2\/media\/38033"}],"wp:attachment":[{"href":"https:\/\/noramedicale.shop\/ar\/wp-json\/wp\/v2\/media?parent=37993"}],"wp:term":[{"taxonomy":"product_brand","embeddable":true,"href":"https:\/\/noramedicale.shop\/ar\/wp-json\/wp\/v2\/product_brand?post=37993"},{"taxonomy":"product_cat","embeddable":true,"href":"https:\/\/noramedicale.shop\/ar\/wp-json\/wp\/v2\/product_cat?post=37993"},{"taxonomy":"product_tag","embeddable":true,"href":"https:\/\/noramedicale.shop\/ar\/wp-json\/wp\/v2\/product_tag?post=37993"}],"curies":[{"name":"wp","href":"https:\/\/api.w.org\/{rel}","templated":true}]}}