{"id":38051,"date":"2026-04-02T12:17:26","date_gmt":"2026-04-02T11:17:26","guid":{"rendered":"https:\/\/noramedicale.shop\/?post_type=product&#038;p=38051"},"modified":"2026-04-12T18:44:18","modified_gmt":"2026-04-12T17:44:18","slug":"sandale-medicale-confort-r01","status":"publish","type":"product","link":"https:\/\/noramedicale.shop\/ar\/product\/sandale-medicale-confort-r01\/","title":{"rendered":"Sandale m\u00e9dicale Confort R01"},"content":{"rendered":"<p>Sandale m\u00e9dicale sign\u00e9e NORA MEDICALE , sp\u00e9cialement con\u00e7ue pour accompagner vos journ\u00e9es actives, avec un d\u00e9signe \u00e9l\u00e9gant et minimaliste.<\/p>\n<p><strong>caract\u00e9ristiques<\/strong>:<\/p>\n<ul>\n<li>semelle confortable et amortissante<\/li>\n<li>soutien optimal du pied<\/li>\n<li>design ergonomique et l\u00e9ger<\/li>\n<li>facile \u00e0 enfiler<\/li>\n<li>id\u00e9ale pour usage professionnel et quotidien<\/li>\n<\/ul>\n<p>&nbsp;<\/p>","protected":false},"excerpt":{"rendered":"<p>Sandale m\u00e9dicale \u00e9l\u00e9gante et confortable, con\u00e7ue pour offrir un soutien optimal tout au long de la journ\u00e9e.<\/p>","protected":false},"featured_media":38073,"comment_status":"open","ping_status":"closed","template":"","meta":[],"product_brand":[],"product_cat":[129,132],"product_tag":[],"class_list":{"0":"post-38051","1":"product","2":"type-product","3":"status-publish","4":"has-post-thumbnail","6":"product_cat-femmes","7":"product_cat-sandales-femmes","9":"first","10":"instock","11":"shipping-taxable","12":"purchasable","13":"product-type-variable"},"_links":{"self":[{"href":"https:\/\/noramedicale.shop\/ar\/wp-json\/wp\/v2\/product\/38051","targetHints":{"allow":["GET"]}}],"collection":[{"href":"https:\/\/noramedicale.shop\/ar\/wp-json\/wp\/v2\/product"}],"about":[{"href":"https:\/\/noramedicale.shop\/ar\/wp-json\/wp\/v2\/types\/product"}],"replies":[{"embeddable":true,"href":"https:\/\/noramedicale.shop\/ar\/wp-json\/wp\/v2\/comments?post=38051"}],"version-history":[{"count":1,"href":"https:\/\/noramedicale.shop\/ar\/wp-json\/wp\/v2\/product\/38051\/revisions"}],"predecessor-version":[{"id":38071,"href":"https:\/\/noramedicale.shop\/ar\/wp-json\/wp\/v2\/product\/38051\/revisions\/38071"}],"wp:featuredmedia":[{"embeddable":true,"href":"https:\/\/noramedicale.shop\/ar\/wp-json\/wp\/v2\/media\/38073"}],"wp:attachment":[{"href":"https:\/\/noramedicale.shop\/ar\/wp-json\/wp\/v2\/media?parent=38051"}],"wp:term":[{"taxonomy":"product_brand","embeddable":true,"href":"https:\/\/noramedicale.shop\/ar\/wp-json\/wp\/v2\/product_brand?post=38051"},{"taxonomy":"product_cat","embeddable":true,"href":"https:\/\/noramedicale.shop\/ar\/wp-json\/wp\/v2\/product_cat?post=38051"},{"taxonomy":"product_tag","embeddable":true,"href":"https:\/\/noramedicale.shop\/ar\/wp-json\/wp\/v2\/product_tag?post=38051"}],"curies":[{"name":"wp","href":"https:\/\/api.w.org\/{rel}","templated":true}]}}