{"id":38269,"date":"2026-04-07T17:53:58","date_gmt":"2026-04-07T16:53:58","guid":{"rendered":"https:\/\/noramedicale.shop\/?post_type=product&#038;p=38269"},"modified":"2026-04-12T22:59:54","modified_gmt":"2026-04-12T21:59:54","slug":"sandale-souple-confortable-rs02","status":"publish","type":"product","link":"https:\/\/noramedicale.shop\/ar\/product\/sandale-souple-confortable-rs02\/","title":{"rendered":"Sandale souple confortable RS02"},"content":{"rendered":"<p>Sandale souple moderne au d\u00e9signe raffin\u00e9. elle apporte une touche chic et tendance \u00e0 tous vos tenues.<\/p>\n<p>sa semelle int\u00e9rieure douce offre un excellent confort au quotidien, tandis que la semelle ext\u00e9rieure robuste assure une bonne adh\u00e9rence et une stabilit\u00e9 optimale. l\u00e9g\u00e8re et facile \u00e0 enfiler, cette sandale est id\u00e9ale pour une utilisation quotidienne, que ce soit \u00e0 la maison, en sotie ou au travail.<\/p>\n<p><strong>Caract\u00e9ristiques<\/strong> :<\/p>\n<ul>\n<li>d\u00e9signe \u00e9l\u00e9gant avec finition effet crocodile<\/li>\n<li>double bride pour un bon maintien du pied<\/li>\n<li>semelle int\u00e9rieure confortable et douce<\/li>\n<li>semelle ext\u00e9rieur antid\u00e9rapante<\/li>\n<li>mod\u00e8le l\u00e9ger et pratique<\/li>\n<\/ul>","protected":false},"excerpt":{"rendered":"<p>Sandale souple moderne au d\u00e9signe raffin\u00e9. elle apporte une touche chic et tendance \u00e0 tous vos tenues. sa semelle int\u00e9rieure<\/p>","protected":false},"featured_media":38259,"comment_status":"open","ping_status":"closed","template":"","meta":[],"product_brand":[],"product_cat":[129,132],"product_tag":[],"class_list":{"0":"post-38269","1":"product","2":"type-product","3":"status-publish","4":"has-post-thumbnail","6":"product_cat-femmes","7":"product_cat-sandales-femmes","9":"first","10":"instock","11":"shipping-taxable","12":"purchasable","13":"product-type-variable"},"_links":{"self":[{"href":"https:\/\/noramedicale.shop\/ar\/wp-json\/wp\/v2\/product\/38269","targetHints":{"allow":["GET"]}}],"collection":[{"href":"https:\/\/noramedicale.shop\/ar\/wp-json\/wp\/v2\/product"}],"about":[{"href":"https:\/\/noramedicale.shop\/ar\/wp-json\/wp\/v2\/types\/product"}],"replies":[{"embeddable":true,"href":"https:\/\/noramedicale.shop\/ar\/wp-json\/wp\/v2\/comments?post=38269"}],"version-history":[{"count":1,"href":"https:\/\/noramedicale.shop\/ar\/wp-json\/wp\/v2\/product\/38269\/revisions"}],"predecessor-version":[{"id":38306,"href":"https:\/\/noramedicale.shop\/ar\/wp-json\/wp\/v2\/product\/38269\/revisions\/38306"}],"wp:featuredmedia":[{"embeddable":true,"href":"https:\/\/noramedicale.shop\/ar\/wp-json\/wp\/v2\/media\/38259"}],"wp:attachment":[{"href":"https:\/\/noramedicale.shop\/ar\/wp-json\/wp\/v2\/media?parent=38269"}],"wp:term":[{"taxonomy":"product_brand","embeddable":true,"href":"https:\/\/noramedicale.shop\/ar\/wp-json\/wp\/v2\/product_brand?post=38269"},{"taxonomy":"product_cat","embeddable":true,"href":"https:\/\/noramedicale.shop\/ar\/wp-json\/wp\/v2\/product_cat?post=38269"},{"taxonomy":"product_tag","embeddable":true,"href":"https:\/\/noramedicale.shop\/ar\/wp-json\/wp\/v2\/product_tag?post=38269"}],"curies":[{"name":"wp","href":"https:\/\/api.w.org\/{rel}","templated":true}]}}