{"id":38555,"date":"2026-04-12T19:43:00","date_gmt":"2026-04-12T18:43:00","guid":{"rendered":"https:\/\/noramedicale.shop\/?post_type=product&#038;p=38555"},"modified":"2026-04-12T20:00:58","modified_gmt":"2026-04-12T19:00:58","slug":"mocasin-confort-femme-dam-noir-r067","status":"publish","type":"product","link":"https:\/\/noramedicale.shop\/ar\/product\/mocasin-confort-femme-dam-noir-r067\/","title":{"rendered":"mocasin confort  femme dam noir  R067"},"content":{"rendered":"<p>D\u00e9couvrez nos mocassins confortables femme au style intemporel, parfaits pour une allure chic et d\u00e9contract\u00e9e.<br \/>\nCes chaussures sont confectionn\u00e9es dans une su\u00e9dine douce (ou daim synth\u00e9tique) de couleur camelle . Leur design classique est rehauss\u00e9 par un mors d\u00e9coratif \u00e9l\u00e9gant et d&rsquo;une petite bride argent\u00e9e.<br \/>\nId\u00e9als pour la marche et le quotidien, ces mocassins \u00e0 semelle blanche offrent un contraste moderne et une excellente souplesse. La semelle ext\u00e9rieure antid\u00e9rapante assure un confort optimal tout au long de la journ\u00e9e.<\/p>","protected":false},"excerpt":{"rendered":"<p>mocassin en noir confortable et Leg\u00e9 pour femme<\/p>","protected":false},"featured_media":38560,"comment_status":"open","ping_status":"closed","template":"","meta":[],"product_brand":[],"product_cat":[129,131],"product_tag":[],"class_list":{"0":"post-38555","1":"product","2":"type-product","3":"status-publish","4":"has-post-thumbnail","6":"product_cat-femmes","7":"product_cat-moccasins","9":"first","10":"instock","11":"shipping-taxable","12":"purchasable","13":"product-type-variable"},"_links":{"self":[{"href":"https:\/\/noramedicale.shop\/ar\/wp-json\/wp\/v2\/product\/38555","targetHints":{"allow":["GET"]}}],"collection":[{"href":"https:\/\/noramedicale.shop\/ar\/wp-json\/wp\/v2\/product"}],"about":[{"href":"https:\/\/noramedicale.shop\/ar\/wp-json\/wp\/v2\/types\/product"}],"replies":[{"embeddable":true,"href":"https:\/\/noramedicale.shop\/ar\/wp-json\/wp\/v2\/comments?post=38555"}],"version-history":[{"count":1,"href":"https:\/\/noramedicale.shop\/ar\/wp-json\/wp\/v2\/product\/38555\/revisions"}],"predecessor-version":[{"id":38566,"href":"https:\/\/noramedicale.shop\/ar\/wp-json\/wp\/v2\/product\/38555\/revisions\/38566"}],"wp:featuredmedia":[{"embeddable":true,"href":"https:\/\/noramedicale.shop\/ar\/wp-json\/wp\/v2\/media\/38560"}],"wp:attachment":[{"href":"https:\/\/noramedicale.shop\/ar\/wp-json\/wp\/v2\/media?parent=38555"}],"wp:term":[{"taxonomy":"product_brand","embeddable":true,"href":"https:\/\/noramedicale.shop\/ar\/wp-json\/wp\/v2\/product_brand?post=38555"},{"taxonomy":"product_cat","embeddable":true,"href":"https:\/\/noramedicale.shop\/ar\/wp-json\/wp\/v2\/product_cat?post=38555"},{"taxonomy":"product_tag","embeddable":true,"href":"https:\/\/noramedicale.shop\/ar\/wp-json\/wp\/v2\/product_tag?post=38555"}],"curies":[{"name":"wp","href":"https:\/\/api.w.org\/{rel}","templated":true}]}}